{"id":2943,"date":"2025-05-04T10:20:42","date_gmt":"2025-05-04T08:20:42","guid":{"rendered":"https:\/\/nbr.xiahdeh.dev\/?post_type=product&#038;p=2943"},"modified":"2025-06-05T19:53:24","modified_gmt":"2025-06-05T17:53:24","slug":"pack-lost-in-the-world-affiches-cd-numerique","status":"publish","type":"product","link":"https:\/\/www.nothingbutreal-theband.com\/fr\/boutique\/packs\/pack-lost-in-the-world-affiches-cd-numerique\/","title":{"rendered":"Pack Lost in the World (2 affiches au choix + CD + Num\u00e9rique)"},"content":{"rendered":"<p><b>Choisissez le duo de votre choix parmi 6 affiches avec l\u2019album LOST IN THE WORLD 2022.<\/b><\/p>\n<p>Le deuxi\u00e8me album de Nothing But Real est sorti en 2022.<b>\u00a0<\/b><\/p>\n<p>A cette occasion 6 illustrations ont \u00e9t\u00e9 cr\u00e9\u00e9es avec Flow du <b><i>Chromatorium Music<\/i><\/b> !<\/p>\n<ul>\n<li>Taille des affiches : 42 x 59,4 cm<\/li>\n<li>Format : A2 170g\/m\u00b2<\/li>\n<\/ul>\n<ol>\n<li>\u00a0Snake Eyes<\/li>\n<li>\u00a0Shadow<\/li>\n<li>\u00a0Scars Crow<\/li>\n<li>\u00a0Red Fire<\/li>\n<li>\u00a0Death Wings (old)<\/li>\n<li>\u00a0Les Vilains<\/li>\n<\/ol>\n","protected":false},"excerpt":{"rendered":"<p>Choisissez le duo de votre choix parmi 6 affiches avec l\u2019album LOST IN THE WORLD 2022. Le deuxi\u00e8me album de Nothing But Real est sorti en 2022.\u00a0 A cette occasion 6 illustrations ont \u00e9t\u00e9 cr\u00e9\u00e9es avec Flow du Chromatorium Music ! Taille des affiches : 42 x 59,4 cm Format : A2 170g\/m\u00b2 \u00a0Snake Eyes [&hellip;]<\/p>\n","protected":false},"featured_media":2705,"comment_status":"closed","ping_status":"closed","template":"","meta":[],"product_brand":[119],"product_cat":[30],"product_tag":[],"class_list":{"0":"post-2943","1":"product","2":"type-product","3":"status-publish","4":"has-post-thumbnail","6":"product_brand-nothing-but-real","7":"product_cat-packs","8":"product_shipping_class-affiche","10":"first","11":"onbackorder","12":"sold-individually","13":"taxable","14":"shipping-taxable","15":"purchasable","16":"product-type-composite"},"meta_box":[],"_links":{"self":[{"href":"https:\/\/www.nothingbutreal-theband.com\/fr\/wp-json\/wp\/v2\/product\/2943","targetHints":{"allow":["GET"]}}],"collection":[{"href":"https:\/\/www.nothingbutreal-theband.com\/fr\/wp-json\/wp\/v2\/product"}],"about":[{"href":"https:\/\/www.nothingbutreal-theband.com\/fr\/wp-json\/wp\/v2\/types\/product"}],"replies":[{"embeddable":true,"href":"https:\/\/www.nothingbutreal-theband.com\/fr\/wp-json\/wp\/v2\/comments?post=2943"}],"wp:featuredmedia":[{"embeddable":true,"href":"https:\/\/www.nothingbutreal-theband.com\/fr\/wp-json\/wp\/v2\/media\/2705"}],"wp:attachment":[{"href":"https:\/\/www.nothingbutreal-theband.com\/fr\/wp-json\/wp\/v2\/media?parent=2943"}],"wp:term":[{"taxonomy":"product_brand","embeddable":true,"href":"https:\/\/www.nothingbutreal-theband.com\/fr\/wp-json\/wp\/v2\/product_brand?post=2943"},{"taxonomy":"product_cat","embeddable":true,"href":"https:\/\/www.nothingbutreal-theband.com\/fr\/wp-json\/wp\/v2\/product_cat?post=2943"},{"taxonomy":"product_tag","embeddable":true,"href":"https:\/\/www.nothingbutreal-theband.com\/fr\/wp-json\/wp\/v2\/product_tag?post=2943"}],"curies":[{"name":"wp","href":"https:\/\/api.w.org\/{rel}","templated":true}]}}