{"id":2492,"date":"2024-10-29T14:08:25","date_gmt":"2024-10-29T13:08:25","guid":{"rendered":"https:\/\/nbr.xiahdeh.dev\/?post_type=product&#038;p=2492"},"modified":"2025-06-05T18:43:01","modified_gmt":"2025-06-05T16:43:01","slug":"t-shirt-sakar-coupe-ajustee-mc","status":"publish","type":"product","link":"https:\/\/www.nothingbutreal-theband.com\/fr\/boutique\/vetements-et-textiles\/t-shirt-sakar-coupe-ajustee-mc\/","title":{"rendered":"T-Shirt SAKAR &#8211; Coupe Ajust\u00e9e"},"content":{"rendered":"<p>T-Shirt noir avec logo SAKAR (version 2022) c\u00f4t\u00e9 c\u0153ur !<\/p>\n<ul>\n<li><strong>Couleur :<\/strong> Noir<\/li>\n<li><strong>Visuel :<\/strong> S\u00e9rigraphie\u00a0 impression face 2 couleurs en s\u00e9rigraphie au format A3<\/li>\n<li><strong>Coupe ajust\u00e9e<\/strong> 150G\/M2<\/li>\n<li><strong>100% coton biologique<\/strong> fil\u00e9 et peign\u00e9<\/li>\n<\/ul>\n<p>Produit fran\u00e7ais de la marque Youtar1894 (Brest) qui taille grand.<\/p>\n<p>Nous conseillons de prendre votre taille habituelle pour \u00eatre \u00e0 l\u2019aise.<\/p>\n","protected":false},"excerpt":{"rendered":"<p>T-Shirt noir avec logo SAKAR (version 2022) c\u00f4t\u00e9 c\u0153ur ! Couleur : Noir Visuel : S\u00e9rigraphie\u00a0 impression face 2 couleurs en s\u00e9rigraphie au format A3 Coupe ajust\u00e9e 150G\/M2 100% coton biologique fil\u00e9 et peign\u00e9 Produit fran\u00e7ais de la marque Youtar1894 (Brest) qui taille grand. Nous conseillons de prendre votre taille habituelle pour \u00eatre \u00e0 l\u2019aise.<\/p>\n","protected":false},"featured_media":2724,"comment_status":"closed","ping_status":"closed","template":"","meta":[],"product_brand":[119],"product_cat":[33],"product_tag":[],"class_list":{"0":"post-2492","1":"product","2":"type-product","3":"status-publish","4":"has-post-thumbnail","6":"product_brand-nothing-but-real","7":"product_cat-vetements-et-textiles","9":"first","10":"instock","11":"taxable","12":"shipping-taxable","13":"purchasable","14":"product-type-variable","15":"wvs-archive-product-wrapper"},"meta_box":[],"_links":{"self":[{"href":"https:\/\/www.nothingbutreal-theband.com\/fr\/wp-json\/wp\/v2\/product\/2492","targetHints":{"allow":["GET"]}}],"collection":[{"href":"https:\/\/www.nothingbutreal-theband.com\/fr\/wp-json\/wp\/v2\/product"}],"about":[{"href":"https:\/\/www.nothingbutreal-theband.com\/fr\/wp-json\/wp\/v2\/types\/product"}],"replies":[{"embeddable":true,"href":"https:\/\/www.nothingbutreal-theband.com\/fr\/wp-json\/wp\/v2\/comments?post=2492"}],"wp:featuredmedia":[{"embeddable":true,"href":"https:\/\/www.nothingbutreal-theband.com\/fr\/wp-json\/wp\/v2\/media\/2724"}],"wp:attachment":[{"href":"https:\/\/www.nothingbutreal-theband.com\/fr\/wp-json\/wp\/v2\/media?parent=2492"}],"wp:term":[{"taxonomy":"product_brand","embeddable":true,"href":"https:\/\/www.nothingbutreal-theband.com\/fr\/wp-json\/wp\/v2\/product_brand?post=2492"},{"taxonomy":"product_cat","embeddable":true,"href":"https:\/\/www.nothingbutreal-theband.com\/fr\/wp-json\/wp\/v2\/product_cat?post=2492"},{"taxonomy":"product_tag","embeddable":true,"href":"https:\/\/www.nothingbutreal-theband.com\/fr\/wp-json\/wp\/v2\/product_tag?post=2492"}],"curies":[{"name":"wp","href":"https:\/\/api.w.org\/{rel}","templated":true}]}}