{"id":1808,"date":"2024-10-29T14:14:35","date_gmt":"2024-10-29T13:14:35","guid":{"rendered":"https:\/\/nbr.xiahdeh.dev\/?post_type=product&#038;p=1808"},"modified":"2025-06-05T18:43:01","modified_gmt":"2025-06-05T16:43:01","slug":"bonnet-brode-nothing-but-real","status":"publish","type":"product","link":"https:\/\/www.nothingbutreal-theband.com\/fr\/boutique\/vetements-et-textiles\/bonnet-brode-nothing-but-real\/","title":{"rendered":"Bonnet brod\u00e9 Nothing But Real"},"content":{"rendered":"<p>Cr\u00e9atures velues ou cr\u00e9atures d\u00e9garnies bonnet noir brod\u00e9 NOTHING BUT REAL !<\/p>\n<ul>\n<li><strong>Couleur :<\/strong> noir<\/li>\n<li><strong>Tissu doubl\u00e9 <\/strong>: 5% \u00e9lasthane , 95% coton biologique fil\u00e9 et peign\u00e9<\/li>\n<li><strong>Broderie blanche<\/strong><\/li>\n<li><strong>Taille unique<\/strong><\/li>\n<\/ul>\n","protected":false},"excerpt":{"rendered":"<p>Cr\u00e9atures velues ou cr\u00e9atures d\u00e9garnies bonnet noir brod\u00e9 NOTHING BUT REAL ! Couleur : noir Tissu doubl\u00e9 : 5% \u00e9lasthane , 95% coton biologique fil\u00e9 et peign\u00e9 Broderie blanche Taille unique<\/p>\n","protected":false},"featured_media":1811,"comment_status":"closed","ping_status":"closed","template":"","meta":[],"product_brand":[119],"product_cat":[33],"product_tag":[],"class_list":{"0":"post-1808","1":"product","2":"type-product","3":"status-publish","4":"has-post-thumbnail","6":"product_brand-nothing-but-real","7":"product_cat-vetements-et-textiles","9":"first","10":"instock","11":"taxable","12":"shipping-taxable","13":"purchasable","14":"product-type-simple"},"meta_box":[],"_links":{"self":[{"href":"https:\/\/www.nothingbutreal-theband.com\/fr\/wp-json\/wp\/v2\/product\/1808","targetHints":{"allow":["GET"]}}],"collection":[{"href":"https:\/\/www.nothingbutreal-theband.com\/fr\/wp-json\/wp\/v2\/product"}],"about":[{"href":"https:\/\/www.nothingbutreal-theband.com\/fr\/wp-json\/wp\/v2\/types\/product"}],"replies":[{"embeddable":true,"href":"https:\/\/www.nothingbutreal-theband.com\/fr\/wp-json\/wp\/v2\/comments?post=1808"}],"wp:featuredmedia":[{"embeddable":true,"href":"https:\/\/www.nothingbutreal-theband.com\/fr\/wp-json\/wp\/v2\/media\/1811"}],"wp:attachment":[{"href":"https:\/\/www.nothingbutreal-theband.com\/fr\/wp-json\/wp\/v2\/media?parent=1808"}],"wp:term":[{"taxonomy":"product_brand","embeddable":true,"href":"https:\/\/www.nothingbutreal-theband.com\/fr\/wp-json\/wp\/v2\/product_brand?post=1808"},{"taxonomy":"product_cat","embeddable":true,"href":"https:\/\/www.nothingbutreal-theband.com\/fr\/wp-json\/wp\/v2\/product_cat?post=1808"},{"taxonomy":"product_tag","embeddable":true,"href":"https:\/\/www.nothingbutreal-theband.com\/fr\/wp-json\/wp\/v2\/product_tag?post=1808"}],"curies":[{"name":"wp","href":"https:\/\/api.w.org\/{rel}","templated":true}]}}