{"id":1746,"date":"2024-10-29T13:38:38","date_gmt":"2024-10-29T12:38:38","guid":{"rendered":"https:\/\/nbr.xiahdeh.dev\/?post_type=product&#038;p=1746"},"modified":"2025-06-05T18:43:03","modified_gmt":"2025-06-05T16:43:03","slug":"t-shirt-the-arrival-coupe-classique","status":"publish","type":"product","link":"https:\/\/www.nothingbutreal-theband.com\/fr\/boutique\/vetements-et-textiles\/t-shirt-the-arrival-coupe-classique\/","title":{"rendered":"T-Shirt THE ARRIVAL &#8211; Coupe Classique"},"content":{"rendered":"<p>T-Shirt in\u00e9dit de la s\u00e9rie Lost in the World !<\/p>\n<ul>\n<li><strong>Couleur :<\/strong> Noir<\/li>\n<li><strong>Visuel :<\/strong> S\u00e9rigraphie\u00a0 impression face 2 couleurs en s\u00e9rigraphie au format A3<\/li>\n<li><strong>Coupe classique<\/strong> 180G\/M2<\/li>\n<li><strong>100% coton biologique<\/strong> fil\u00e9 et peign\u00e9<\/li>\n<\/ul>\n<p>Produit fran\u00e7ais de la marque Youtar1894 (Brest) qui taille grand.<\/p>\n<p>Nous conseillons de prendre votre taille habituelle pour \u00eatre \u00e0 l\u2019aise.<\/p>\n","protected":false},"excerpt":{"rendered":"<p>T-Shirt in\u00e9dit de la s\u00e9rie Lost in the World ! Couleur : Noir Visuel : S\u00e9rigraphie\u00a0 impression face 2 couleurs en s\u00e9rigraphie au format A3 Coupe classique 180G\/M2 100% coton biologique fil\u00e9 et peign\u00e9 Produit fran\u00e7ais de la marque Youtar1894 (Brest) qui taille grand. Nous conseillons de prendre votre taille habituelle pour \u00eatre \u00e0 l\u2019aise.<\/p>\n","protected":false},"featured_media":1748,"comment_status":"closed","ping_status":"closed","template":"","meta":[],"product_brand":[119],"product_cat":[33],"product_tag":[],"class_list":{"0":"post-1746","1":"product","2":"type-product","3":"status-publish","4":"has-post-thumbnail","6":"product_brand-nothing-but-real","7":"product_cat-vetements-et-textiles","9":"first","10":"instock","11":"taxable","12":"shipping-taxable","13":"purchasable","14":"product-type-variable","15":"wvs-archive-product-wrapper"},"meta_box":[],"_links":{"self":[{"href":"https:\/\/www.nothingbutreal-theband.com\/fr\/wp-json\/wp\/v2\/product\/1746","targetHints":{"allow":["GET"]}}],"collection":[{"href":"https:\/\/www.nothingbutreal-theband.com\/fr\/wp-json\/wp\/v2\/product"}],"about":[{"href":"https:\/\/www.nothingbutreal-theband.com\/fr\/wp-json\/wp\/v2\/types\/product"}],"replies":[{"embeddable":true,"href":"https:\/\/www.nothingbutreal-theband.com\/fr\/wp-json\/wp\/v2\/comments?post=1746"}],"wp:featuredmedia":[{"embeddable":true,"href":"https:\/\/www.nothingbutreal-theband.com\/fr\/wp-json\/wp\/v2\/media\/1748"}],"wp:attachment":[{"href":"https:\/\/www.nothingbutreal-theband.com\/fr\/wp-json\/wp\/v2\/media?parent=1746"}],"wp:term":[{"taxonomy":"product_brand","embeddable":true,"href":"https:\/\/www.nothingbutreal-theband.com\/fr\/wp-json\/wp\/v2\/product_brand?post=1746"},{"taxonomy":"product_cat","embeddable":true,"href":"https:\/\/www.nothingbutreal-theband.com\/fr\/wp-json\/wp\/v2\/product_cat?post=1746"},{"taxonomy":"product_tag","embeddable":true,"href":"https:\/\/www.nothingbutreal-theband.com\/fr\/wp-json\/wp\/v2\/product_tag?post=1746"}],"curies":[{"name":"wp","href":"https:\/\/api.w.org\/{rel}","templated":true}]}}