{"id":1266,"date":"2024-10-09T20:33:41","date_gmt":"2024-10-09T18:33:41","guid":{"rendered":"https:\/\/nbr.xiahdeh.dev\/?post_type=product&#038;p=1266"},"modified":"2025-06-05T18:43:03","modified_gmt":"2025-06-05T16:43:03","slug":"lost-in-the-world-2022-numerique","status":"publish","type":"product","link":"https:\/\/www.nothingbutreal-theband.com\/fr\/boutique\/numeriques\/lost-in-the-world-2022-numerique\/","title":{"rendered":"Lost in the World 2022 (Num\u00e9rique)"},"content":{"rendered":"<p>LOST IN THE WORLD Edition 2022, est le deuxi\u00e8me album de Nothing But Real avant sa r\u00e9\u00e9dition compl\u00e8te en 2025 \u00ab\u00a0Rebirth Edition\u00a0\u00bb.<\/p>\n<p><strong>\u00c9dition Num\u00e9rique<\/strong><\/p>\n<p>TRACKLIST<\/p>\n<ol>\n<li>The Arrival \u2013 <em>0:58<\/em><\/li>\n<li>Snake Eyes \u2013 <em>3:15<\/em><\/li>\n<li>Behind the Door \u2013 <em>3:46<\/em><\/li>\n<li>Here I am \u2013 <em>3:31<\/em><\/li>\n<li>Music Box (instrumentale) \u2013 <em>0:25<\/em><\/li>\n<li>Strike \u2013 <em>3:23<\/em><\/li>\n<li>Scars and Burdens \u2013 <em>4:51<\/em><\/li>\n<li>In the Deep \u2013 <em>1:38<\/em><\/li>\n<li>Untold \u2013 <em>3:47<\/em><\/li>\n<li>Doom \u2013 <em>3:37<\/em><\/li>\n<li>Lost in the World \u2013 <em>4:02<\/em><\/li>\n<li>Resolution \u2013 <em>0:53<\/em><\/li>\n<\/ol>\n","protected":false},"excerpt":{"rendered":"<p>LOST IN THE WORLD Edition 2022, est le deuxi\u00e8me album de Nothing But Real avant sa r\u00e9\u00e9dition compl\u00e8te en 2025 \u00ab\u00a0Rebirth Edition\u00a0\u00bb. \u00c9dition Num\u00e9rique TRACKLIST The Arrival \u2013 0:58 Snake Eyes \u2013 3:15 Behind the Door \u2013 3:46 Here I am \u2013 3:31 Music Box (instrumentale) \u2013 0:25 Strike \u2013 3:23 Scars and Burdens \u2013 [&hellip;]<\/p>\n","protected":false},"featured_media":1269,"comment_status":"closed","ping_status":"closed","template":"","meta":[],"product_brand":[119],"product_cat":[32],"product_tag":[],"class_list":{"0":"post-1266","1":"product","2":"type-product","3":"status-publish","4":"has-post-thumbnail","6":"product_brand-nothing-but-real","7":"product_cat-numeriques","9":"first","10":"instock","11":"taxable","12":"shipping-taxable","13":"purchasable","14":"product-type-variable","15":"wvs-archive-product-wrapper"},"meta_box":[],"_links":{"self":[{"href":"https:\/\/www.nothingbutreal-theband.com\/fr\/wp-json\/wp\/v2\/product\/1266","targetHints":{"allow":["GET"]}}],"collection":[{"href":"https:\/\/www.nothingbutreal-theband.com\/fr\/wp-json\/wp\/v2\/product"}],"about":[{"href":"https:\/\/www.nothingbutreal-theband.com\/fr\/wp-json\/wp\/v2\/types\/product"}],"replies":[{"embeddable":true,"href":"https:\/\/www.nothingbutreal-theband.com\/fr\/wp-json\/wp\/v2\/comments?post=1266"}],"wp:featuredmedia":[{"embeddable":true,"href":"https:\/\/www.nothingbutreal-theband.com\/fr\/wp-json\/wp\/v2\/media\/1269"}],"wp:attachment":[{"href":"https:\/\/www.nothingbutreal-theband.com\/fr\/wp-json\/wp\/v2\/media?parent=1266"}],"wp:term":[{"taxonomy":"product_brand","embeddable":true,"href":"https:\/\/www.nothingbutreal-theband.com\/fr\/wp-json\/wp\/v2\/product_brand?post=1266"},{"taxonomy":"product_cat","embeddable":true,"href":"https:\/\/www.nothingbutreal-theband.com\/fr\/wp-json\/wp\/v2\/product_cat?post=1266"},{"taxonomy":"product_tag","embeddable":true,"href":"https:\/\/www.nothingbutreal-theband.com\/fr\/wp-json\/wp\/v2\/product_tag?post=1266"}],"curies":[{"name":"wp","href":"https:\/\/api.w.org\/{rel}","templated":true}]}}