{"id":1237,"date":"2024-10-09T19:56:15","date_gmt":"2024-10-09T17:56:15","guid":{"rendered":"https:\/\/nbr.xiahdeh.dev\/?post_type=product&#038;p=1237"},"modified":"2025-06-05T18:46:52","modified_gmt":"2025-06-05T16:46:52","slug":"lost-in-the-world-version-deluxe-cd-numerique","status":"publish","type":"product","link":"https:\/\/www.nothingbutreal-theband.com\/fr\/boutique\/physiques\/lost-in-the-world-version-deluxe-cd-numerique\/","title":{"rendered":"Lost in the World 2022 &#8211; Version Deluxe (CD + Num\u00e9rique)"},"content":{"rendered":"<p>LOST IN THE WORLD Edition 2022, est le deuxi\u00e8me album de Nothing But Real avant sa r\u00e9\u00e9dition compl\u00e8te en 2025 \u00ab\u00a0Rebirth Edition\u00a0\u00bb.<\/p>\n<p><em>Premier pressage en mars 2022. Version num\u00e9rique incluse.<\/em><\/p>\n<p>TRACKLIST<\/p>\n<ol>\n<li>The Arrival \u2013\u00a0<i>0<\/i><i>:58<\/i><\/li>\n<li>Snake Eyes \u2013\u00a0<i>3:15<\/i><\/li>\n<li>Behind the Door \u2013\u00a03<i>:46<\/i><\/li>\n<li>Here I am \u2013\u00a0<i>3<\/i><i>:31<\/i><\/li>\n<li>Music Box (instrumentale) \u2013\u00a0<i>0<\/i><i>:25<\/i><\/li>\n<li>Strike \u2013\u00a0<i>3:<\/i><i>23<\/i><\/li>\n<li>Scars and Burdens \u2013\u00a0<i>4:51<\/i><\/li>\n<li><i> In the De<\/i><i>ep <\/i>\u2013\u00a0<i>1<\/i><i>:38<\/i><\/li>\n<li><i>Untold<\/i> \u2013\u00a0<i>3<\/i><i>:47<\/i><\/li>\n<li><i>Doom<\/i> \u2013\u00a0<i>3<\/i><i>:37<\/i><\/li>\n<li><i>Lost<\/i><i> in the World <\/i>\u2013\u00a0<i>4:02<\/i><\/li>\n<li><i>Resolution<\/i> \u2013\u00a0<i>0<\/i><i>:53<\/i><\/li>\n<\/ol>\n","protected":false},"excerpt":{"rendered":"<p>LOST IN THE WORLD Edition 2022, est le deuxi\u00e8me album de Nothing But Real avant sa r\u00e9\u00e9dition compl\u00e8te en 2025 \u00ab\u00a0Rebirth Edition\u00a0\u00bb. Premier pressage en mars 2022. Version num\u00e9rique incluse. TRACKLIST The Arrival \u2013\u00a00:58 Snake Eyes \u2013\u00a03:15 Behind the Door \u2013\u00a03:46 Here I am \u2013\u00a03:31 Music Box (instrumentale) \u2013\u00a00:25 Strike \u2013\u00a03:23 Scars and Burdens \u2013\u00a04:51 [&hellip;]<\/p>\n","protected":false},"featured_media":1239,"comment_status":"closed","ping_status":"closed","template":"","meta":[],"product_brand":[119],"product_cat":[31],"product_tag":[],"class_list":{"0":"post-1237","1":"product","2":"type-product","3":"status-publish","4":"has-post-thumbnail","6":"product_brand-nothing-but-real","7":"product_cat-physiques","9":"first","10":"instock","11":"taxable","12":"shipping-taxable","13":"purchasable","14":"product-type-variable","15":"wvs-archive-product-wrapper"},"meta_box":[],"_links":{"self":[{"href":"https:\/\/www.nothingbutreal-theband.com\/fr\/wp-json\/wp\/v2\/product\/1237","targetHints":{"allow":["GET"]}}],"collection":[{"href":"https:\/\/www.nothingbutreal-theband.com\/fr\/wp-json\/wp\/v2\/product"}],"about":[{"href":"https:\/\/www.nothingbutreal-theband.com\/fr\/wp-json\/wp\/v2\/types\/product"}],"replies":[{"embeddable":true,"href":"https:\/\/www.nothingbutreal-theband.com\/fr\/wp-json\/wp\/v2\/comments?post=1237"}],"wp:featuredmedia":[{"embeddable":true,"href":"https:\/\/www.nothingbutreal-theband.com\/fr\/wp-json\/wp\/v2\/media\/1239"}],"wp:attachment":[{"href":"https:\/\/www.nothingbutreal-theband.com\/fr\/wp-json\/wp\/v2\/media?parent=1237"}],"wp:term":[{"taxonomy":"product_brand","embeddable":true,"href":"https:\/\/www.nothingbutreal-theband.com\/fr\/wp-json\/wp\/v2\/product_brand?post=1237"},{"taxonomy":"product_cat","embeddable":true,"href":"https:\/\/www.nothingbutreal-theband.com\/fr\/wp-json\/wp\/v2\/product_cat?post=1237"},{"taxonomy":"product_tag","embeddable":true,"href":"https:\/\/www.nothingbutreal-theband.com\/fr\/wp-json\/wp\/v2\/product_tag?post=1237"}],"curies":[{"name":"wp","href":"https:\/\/api.w.org\/{rel}","templated":true}]}}